{"id":119,"date":"2025-06-19T11:27:01","date_gmt":"2025-06-19T11:27:01","guid":{"rendered":"https:\/\/euramobil-25.tiw-01.mxp.services\/?page_id=119"},"modified":"2025-07-12T07:37:56","modified_gmt":"2025-07-12T07:37:56","slug":"gebrauchtfahrzeuge","status":"publish","type":"page","link":"https:\/\/euramobil-25.tiw-01.mxp.services\/de_at\/gebrauchtfahrzeuge\/","title":{"rendered":"Gebrauchtfahrzeuge"},"content":{"rendered":"","protected":false},"excerpt":{"rendered":"","protected":false},"author":1,"featured_media":0,"parent":0,"menu_order":0,"comment_status":"closed","ping_status":"closed","template":"","meta":{"_acf_changed":false,"_seopress_robots_primary_cat":"","_seopress_titles_title":"Gebrauchtfahrzeuge - Eura Mobil","_seopress_titles_desc":"Finden Sie gebrauchte Eura Mobil Reisemobile in Premium-Qualit\u00e4t mit zuverl\u00e4ssiger Verarbeitung \u00fcber unser europaweites H\u00e4ndlernetzwerk.","_seopress_robots_index":"","footnotes":""},"class_list":["post-119","page","type-page","status-publish","hentry"],"acf":[],"_links":{"self":[{"href":"https:\/\/euramobil-25.tiw-01.mxp.services\/de_at\/wp-json\/wp\/v2\/pages\/119","targetHints":{"allow":["GET"]}}],"collection":[{"href":"https:\/\/euramobil-25.tiw-01.mxp.services\/de_at\/wp-json\/wp\/v2\/pages"}],"about":[{"href":"https:\/\/euramobil-25.tiw-01.mxp.services\/de_at\/wp-json\/wp\/v2\/types\/page"}],"author":[{"embeddable":true,"href":"https:\/\/euramobil-25.tiw-01.mxp.services\/de_at\/wp-json\/wp\/v2\/users\/1"}],"replies":[{"embeddable":true,"href":"https:\/\/euramobil-25.tiw-01.mxp.services\/de_at\/wp-json\/wp\/v2\/comments?post=119"}],"version-history":[{"count":1,"href":"https:\/\/euramobil-25.tiw-01.mxp.services\/de_at\/wp-json\/wp\/v2\/pages\/119\/revisions"}],"predecessor-version":[{"id":120,"href":"https:\/\/euramobil-25.tiw-01.mxp.services\/de_at\/wp-json\/wp\/v2\/pages\/119\/revisions\/120"}],"wp:attachment":[{"href":"https:\/\/euramobil-25.tiw-01.mxp.services\/de_at\/wp-json\/wp\/v2\/media?parent=119"}],"curies":[{"name":"wp","href":"https:\/\/api.w.org\/{rel}","templated":true}]}}