{"id":294,"date":"2025-06-30T15:07:56","date_gmt":"2025-06-30T15:07:56","guid":{"rendered":"https:\/\/euramobil-25.tiw-01.mxp.services\/?page_id=294"},"modified":"2025-07-12T07:38:28","modified_gmt":"2025-07-12T07:38:28","slug":"camper-integrati","status":"publish","type":"page","link":"https:\/\/euramobil-25.tiw-01.mxp.services\/it\/integrierte-wohnmobile\/","title":{"rendered":"Camper integrati"},"content":{"rendered":"","protected":false},"excerpt":{"rendered":"","protected":false},"author":1,"featured_media":0,"parent":0,"menu_order":0,"comment_status":"closed","ping_status":"closed","template":"","meta":{"_acf_changed":false,"_seopress_robots_primary_cat":"","_seopress_titles_title":"Integrierte Reisemobile - Eura Mobil","_seopress_titles_desc":"Erleben Sie Eura Mobil Integra und Integra Line Reisemobile mit luxuri\u00f6sem Design und h\u00f6chster Qualit\u00e4t f\u00fcr Ihre Reisen.","_seopress_robots_index":"","footnotes":""},"class_list":["post-294","page","type-page","status-publish","hentry"],"acf":[],"_links":{"self":[{"href":"https:\/\/euramobil-25.tiw-01.mxp.services\/it\/wp-json\/wp\/v2\/pages\/294","targetHints":{"allow":["GET"]}}],"collection":[{"href":"https:\/\/euramobil-25.tiw-01.mxp.services\/it\/wp-json\/wp\/v2\/pages"}],"about":[{"href":"https:\/\/euramobil-25.tiw-01.mxp.services\/it\/wp-json\/wp\/v2\/types\/page"}],"author":[{"embeddable":true,"href":"https:\/\/euramobil-25.tiw-01.mxp.services\/it\/wp-json\/wp\/v2\/users\/1"}],"replies":[{"embeddable":true,"href":"https:\/\/euramobil-25.tiw-01.mxp.services\/it\/wp-json\/wp\/v2\/comments?post=294"}],"version-history":[{"count":1,"href":"https:\/\/euramobil-25.tiw-01.mxp.services\/it\/wp-json\/wp\/v2\/pages\/294\/revisions"}],"predecessor-version":[{"id":296,"href":"https:\/\/euramobil-25.tiw-01.mxp.services\/it\/wp-json\/wp\/v2\/pages\/294\/revisions\/296"}],"wp:attachment":[{"href":"https:\/\/euramobil-25.tiw-01.mxp.services\/it\/wp-json\/wp\/v2\/media?parent=294"}],"curies":[{"name":"wp","href":"https:\/\/api.w.org\/{rel}","templated":true}]}}