{"id":288,"date":"2025-06-30T14:39:23","date_gmt":"2025-06-30T14:39:23","guid":{"rendered":"https:\/\/euramobil-25.tiw-01.mxp.services\/?page_id=288"},"modified":"2025-07-12T07:37:13","modified_gmt":"2025-07-12T07:37:13","slug":"alkove-bobiler","status":"publish","type":"page","link":"https:\/\/euramobil-25.tiw-01.mxp.services\/nb\/alkoven-wohnmobile\/","title":{"rendered":"Bobiler med alkove"},"content":{"rendered":"","protected":false},"excerpt":{"rendered":"","protected":false},"author":1,"featured_media":0,"parent":0,"menu_order":0,"comment_status":"closed","ping_status":"closed","template":"","meta":{"_acf_changed":false,"_seopress_robots_primary_cat":"","_seopress_titles_title":"Alkoven-Wohnmobile - Eura Mobil","_seopress_titles_desc":"Erleben Sie Eura Mobil Alkoven-Wohnmobile wie Activa One mit h\u00f6chster Qualit\u00e4t und Komfort f\u00fcr Ihre Reisen und Abenteuer.","_seopress_robots_index":"","footnotes":""},"class_list":["post-288","page","type-page","status-publish","hentry"],"acf":[],"_links":{"self":[{"href":"https:\/\/euramobil-25.tiw-01.mxp.services\/nb\/wp-json\/wp\/v2\/pages\/288","targetHints":{"allow":["GET"]}}],"collection":[{"href":"https:\/\/euramobil-25.tiw-01.mxp.services\/nb\/wp-json\/wp\/v2\/pages"}],"about":[{"href":"https:\/\/euramobil-25.tiw-01.mxp.services\/nb\/wp-json\/wp\/v2\/types\/page"}],"author":[{"embeddable":true,"href":"https:\/\/euramobil-25.tiw-01.mxp.services\/nb\/wp-json\/wp\/v2\/users\/1"}],"replies":[{"embeddable":true,"href":"https:\/\/euramobil-25.tiw-01.mxp.services\/nb\/wp-json\/wp\/v2\/comments?post=288"}],"version-history":[{"count":3,"href":"https:\/\/euramobil-25.tiw-01.mxp.services\/nb\/wp-json\/wp\/v2\/pages\/288\/revisions"}],"predecessor-version":[{"id":295,"href":"https:\/\/euramobil-25.tiw-01.mxp.services\/nb\/wp-json\/wp\/v2\/pages\/288\/revisions\/295"}],"wp:attachment":[{"href":"https:\/\/euramobil-25.tiw-01.mxp.services\/nb\/wp-json\/wp\/v2\/media?parent=288"}],"curies":[{"name":"wp","href":"https:\/\/api.w.org\/{rel}","templated":true}]}}